{"id":2390,"date":"2017-08-23T19:06:35","date_gmt":"2017-08-23T17:06:35","guid":{"rendered":"http:\/\/www.wanderhunger.at\/uebermich\/"},"modified":"2025-09-01T21:15:06","modified_gmt":"2025-09-01T19:15:06","slug":"about","status":"publish","type":"page","link":"https:\/\/www.wanderhunger.at\/de\/about\/","title":{"rendered":"\u00dcber mich"},"content":{"rendered":"\n<p><strong>Hallo, ich bin Martina<\/strong> \u2013 geboren in \u00d6sterreich, aber ehrlich gesagt meistens mit dem Kopf schon woanders. Ich liebe es, spontan loszuziehen, Neues auszuprobieren und vor allem: Dinge zu essen, die ich noch nie gekostet habe. (Was in 99 % der F\u00e4lle super ist. Das eine Prozent? Naja, sagen wir so: Cremespinat geh\u00f6rt zu den ganz wenigen Dingen, mit denen man mich jagen kann).<\/p>\n\n\n\n<p>Ich bin ein <strong>Lover of Life, Laughter &amp; Aperol Spritz<\/strong> \u2013 und eine bekennende <strong>Bonne Vivante<\/strong>. Mal wandere ich durch die Berge, mal lasse ich mich von den Wellen treiben. Ich liebe die Sch\u00f6nheit der Natur genauso wie La Dolce Far Niente bei einem guten Essen in bester Gesellschaft. Genau deshalb hei\u00dft dieser Blog <em>Wanderhunger<\/em>: vom englischen Wort \u201ewanderlust\u201c f\u00fcrs Reisen, und nat\u00fcrlich \u201eHunger\u201c f\u00fcr meine zweite gro\u00dfe Liebe \u2013 Essen und Trinken. Mein <strong>Foodblog Lieblingsspeise<\/strong> ist inzwischen hier in dieser Website aufgegangen, denn Genuss ohne Reisen? Oder Reisen ohne Genuss? Geht f\u00fcr mich gar nicht.<\/p>\n\n\n\n<p>Fun Fact: Ich bin nicht nur Reisende, Bloggerin und Marketingfrau, sondern auch <a href=\"https:\/\/www.wanderhunger.at\/martina-stasny-padi-instructor\/\" data-type=\"page\" data-id=\"2082\"><strong>PADI Master Scuba Diver Trainer<\/strong><\/a>. Hei\u00dft: Ich habe in Thailand, Malta und auf den Malediven Menschen das Tauchen beigebracht \u2013 und gelernt, dass man mit 20 Kilo Ausr\u00fcstung am R\u00fccken nicht nur neue Muskeln, sondern auch eine ganz neue Welt entdeckt. Die Covid-Pandemie hat meiner Tauchkarriere zwar erstmal den Stecker gezogen, aber wir werden sehen, was noch vor mir liegt!<\/p>\n\n\n\n<p>Seit 2020 bin ich wieder im Marketing t\u00e4tig, doch meine Abenteuerlust bleibt ungebremst. Ich habe Marseille 2021 als Homeoffice-Base ausprobiert, war 2024 und 2025 je einen Monat als Digital Nomad in Thailand und bin st\u00e4ndig auf der Suche nach neuen Ideen, Reisen und Speisen.<\/p>\n\n\n\n<p>Stillstand ist f\u00fcr mich wie ein leerer K\u00fchlschrank: absolut untragbar. <strong>Ver\u00e4nderung brauche ich wie die Luft zum Atmen<\/strong> \u2013 und deshalb wird\u2019s auch hier auf <em>Wanderhunger<\/em> nie langweilig. Wohin mich das Leben als N\u00e4chstes verschl\u00e4gt? Keine Ahnung \u2013 aber Aperol gibt\u2019s zum Gl\u00fcck fast \u00fcberall. \ud83e\ude77<\/p>\n\n\n\n<p><span style=\"border-radius: 2px; text-indent: 20px; width: auto; padding: 0px 4px 0px 0px; text-align: center; font: bold 11px\/20px 'Helvetica Neue',Helvetica,sans-serif; color: #ffffff; background: #bd081c no-repeat scroll 3px 50% \/ 14px 14px; position: absolute; opacity: 1; z-index: 8675309; display: none; cursor: pointer; top: 1158px; left: 20px;\">Merken<\/span><\/p>\n\n\n\n<p><span style=\"border-radius: 2px; text-indent: 20px; width: auto; padding: 0px 4px 0px 0px; text-align: center; font: bold 11px\/20px 'Helvetica Neue',Helvetica,sans-serif; color: #ffffff; background: #bd081c no-repeat scroll 3px 50% \/ 14px 14px; position: absolute; opacity: 1; z-index: 8675309; display: none; cursor: pointer;\">Merken<\/span><\/p>\n\n\n\n<p><span style=\"border-radius: 2px; text-indent: 20px; width: auto; padding: 0px 4px 0px 0px; text-align: center; font: bold 11px\/20px 'Helvetica Neue',Helvetica,sans-serif; color: #ffffff; background: #bd081c no-repeat scroll 3px 50% \/ 14px 14px; position: absolute; opacity: 1; z-index: 8675309; display: none; cursor: pointer; top: 1014px; left: 20px;\">Merken<\/span><\/p>\n\n\n\n<p><span style=\"border-radius: 2px; text-indent: 20px; width: auto; padding: 0px 4px 0px 0px; text-align: center; font: bold 11px\/20px 'Helvetica Neue',Helvetica,sans-serif; color: #ffffff; background: #bd081c no-repeat scroll 3px 50% \/ 14px 14px; position: absolute; opacity: 1; z-index: 8675309; display: none; cursor: pointer; top: 1014px; left: 20px;\">Merken<\/span><\/p>\n\n\n\n<p><span style=\"border-radius: 2px; text-indent: 20px; width: auto; padding: 0px 4px 0px 0px; text-align: center; font: bold 11px\/20px 'Helvetica Neue',Helvetica,sans-serif; color: #ffffff; background: #bd081c no-repeat scroll 3px 50% \/ 14px 14px; position: absolute; opacity: 1; z-index: 8675309; display: none; cursor: pointer; top: 1099px; left: 20px;\">Merken<\/span><\/p>\n\n\n\n<p><span style=\"border-radius: 2px; text-indent: 20px; width: auto; padding: 0px 4px 0px 0px; text-align: center; font: bold 11px\/20px 'Helvetica Neue',Helvetica,sans-serif; color: #ffffff; background: #bd081c no-repeat scroll 3px 50% \/ 14px 14px; position: absolute; opacity: 1; z-index: 8675309; display: none; cursor: pointer;\">Merken<\/span><\/p>\n\n\n\n<p><span style=\"border-radius: 2px; text-indent: 20px; width: auto; padding: 0px 4px 0px 0px; text-align: center; font: bold 11px\/20px 'Helvetica Neue',Helvetica,sans-serif; color: #ffffff; background: #bd081c no-repeat scroll 3px 50% \/ 14px 14px; position: absolute; opacity: 1; z-index: 8675309; display: none; cursor: pointer; top: 1121px; left: 20px;\">Merken<\/span><\/p>\n\n\n\n<p><span style=\"border-radius: 2px; text-indent: 20px; width: auto; padding: 0px 4px 0px 0px; text-align: center; font: bold 11px\/20px 'Helvetica Neue',Helvetica,sans-serif; color: #ffffff; background: #bd081c no-repeat scroll 3px 50% \/ 14px 14px; position: absolute; opacity: 1; z-index: 8675309; display: none; cursor: pointer;\">Merken<\/span><\/p>\n\n\n\n<p><span style=\"border-radius: 2px; text-indent: 20px; width: auto; padding: 0px 4px 0px 0px; text-align: center; font: bold 11px\/20px 'Helvetica Neue',Helvetica,sans-serif; color: #ffffff; background: #bd081c no-repeat scroll 3px 50% \/ 14px 14px; position: absolute; opacity: 1; z-index: 8675309; display: none; cursor: pointer; top: 872px; left: 20px;\">Merken<\/span><\/p>\n\n\n\n<p><span style=\"border-radius: 2px; text-indent: 20px; width: auto; padding: 0px 4px 0px 0px; text-align: center; font: bold 11px\/20px 'Helvetica Neue',Helvetica,sans-serif; color: #ffffff; background: #bd081c no-repeat scroll 3px 50% \/ 14px 14px; position: absolute; opacity: 1; z-index: 8675309; display: none; cursor: pointer; top: 872px; left: 20px;\">Merken<\/span><\/p>\n","protected":false},"excerpt":{"rendered":"<p>Hallo, ich bin Martina \u2013 geboren in \u00d6sterreich, aber ehrlich gesagt meistens mit dem Kopf schon woanders. Ich liebe es, spontan loszuziehen, Neues auszuprobieren und [&hellip;] <span class=\"read-more-link\"><a class=\"read-more\" href=\"https:\/\/www.wanderhunger.at\/de\/about\/\">Read More<\/a><\/span><\/p>\n","protected":false},"author":3,"featured_media":2386,"parent":0,"menu_order":0,"comment_status":"closed","ping_status":"closed","template":"","meta":{"wprm-recipe-roundup-name":"","wprm-recipe-roundup-description":"","iawp_total_views":89,"footnotes":""},"class_list":["post-2390","page","type-page","status-publish","has-post-thumbnail","hentry"],"_links":{"self":[{"href":"https:\/\/www.wanderhunger.at\/de\/wp-json\/wp\/v2\/pages\/2390","targetHints":{"allow":["GET"]}}],"collection":[{"href":"https:\/\/www.wanderhunger.at\/de\/wp-json\/wp\/v2\/pages"}],"about":[{"href":"https:\/\/www.wanderhunger.at\/de\/wp-json\/wp\/v2\/types\/page"}],"author":[{"embeddable":true,"href":"https:\/\/www.wanderhunger.at\/de\/wp-json\/wp\/v2\/users\/3"}],"replies":[{"embeddable":true,"href":"https:\/\/www.wanderhunger.at\/de\/wp-json\/wp\/v2\/comments?post=2390"}],"version-history":[{"count":5,"href":"https:\/\/www.wanderhunger.at\/de\/wp-json\/wp\/v2\/pages\/2390\/revisions"}],"predecessor-version":[{"id":3202,"href":"https:\/\/www.wanderhunger.at\/de\/wp-json\/wp\/v2\/pages\/2390\/revisions\/3202"}],"wp:featuredmedia":[{"embeddable":true,"href":"https:\/\/www.wanderhunger.at\/de\/wp-json\/wp\/v2\/media\/2386"}],"wp:attachment":[{"href":"https:\/\/www.wanderhunger.at\/de\/wp-json\/wp\/v2\/media?parent=2390"}],"curies":[{"name":"wp","href":"https:\/\/api.w.org\/{rel}","templated":true}]}}